{"id":26,"date":"2019-12-04T08:14:30","date_gmt":"2019-12-04T08:14:30","guid":{"rendered":"http:\/\/lina-anni.de\/?post_type=product&#038;p=26"},"modified":"2026-04-24T17:03:14","modified_gmt":"2026-04-24T16:03:14","slug":"nordmann-tanne-ca-100-125cm","status":"publish","type":"product","link":"https:\/\/www.lina-anni.de\/?product=nordmann-tanne-ca-100-125cm","title":{"rendered":"Produkt 3 &#8222;klein&#8220;"},"content":{"rendered":"","protected":false},"excerpt":{"rendered":"<p>Nordmann-Tanne <em>(Abies nordmanniana)<\/em><\/p>\n<p>&nbsp;<\/p>\n<p>Die Nordmann-Tanne ist ein m\u00e4chtiger und geradst\u00e4mmiger Nadelbaum.<br \/>\nSie ist der wohl bekannteste Vertreter der Weihnachtsbaum Kandidaten.<\/p>\n<p>Preise inkl. MwSt. und Versand.<\/p>\n<p>12,90 \u20ac Versandkosten sind im Preis bereits inbegriffen.<\/p>\n<p>&nbsp;<\/p>\n<p>Dieses Produkt ist derzeit im Online Shop nicht verf\u00fcgbar.<\/p>\n<p>Die Lieferung per Paket kann bis Weihnachten nicht mehr garantiert werden. Gerne k\u00f6nnen Sie Ihren Weihnachtsbaum bei uns vor Ort bis Heilig Abend mittags erwerben. Wir w\u00fcnschen Frohe Weihnachten und bedanken f\u00fcr Ihr Vertrauen &#8211; N\u00e4chstes Jahr geht`s Weihnachten 2025 weiter.<\/p>\n","protected":false},"featured_media":234,"comment_status":"open","ping_status":"closed","template":"","meta":[],"product_brand":[],"product_cat":[20],"product_tag":[],"class_list":{"0":"post-26","1":"product","2":"type-product","3":"status-publish","4":"has-post-thumbnail","6":"product_cat-nordmanntanne","8":"first","9":"instock","10":"taxable","11":"shipping-taxable","12":"product-type-variable"},"_links":{"self":[{"href":"https:\/\/www.lina-anni.de\/index.php?rest_route=\/wp\/v2\/product\/26","targetHints":{"allow":["GET"]}}],"collection":[{"href":"https:\/\/www.lina-anni.de\/index.php?rest_route=\/wp\/v2\/product"}],"about":[{"href":"https:\/\/www.lina-anni.de\/index.php?rest_route=\/wp\/v2\/types\/product"}],"replies":[{"embeddable":true,"href":"https:\/\/www.lina-anni.de\/index.php?rest_route=%2Fwp%2Fv2%2Fcomments&post=26"}],"wp:featuredmedia":[{"embeddable":true,"href":"https:\/\/www.lina-anni.de\/index.php?rest_route=\/wp\/v2\/media\/234"}],"wp:attachment":[{"href":"https:\/\/www.lina-anni.de\/index.php?rest_route=%2Fwp%2Fv2%2Fmedia&parent=26"}],"wp:term":[{"taxonomy":"product_brand","embeddable":true,"href":"https:\/\/www.lina-anni.de\/index.php?rest_route=%2Fwp%2Fv2%2Fproduct_brand&post=26"},{"taxonomy":"product_cat","embeddable":true,"href":"https:\/\/www.lina-anni.de\/index.php?rest_route=%2Fwp%2Fv2%2Fproduct_cat&post=26"},{"taxonomy":"product_tag","embeddable":true,"href":"https:\/\/www.lina-anni.de\/index.php?rest_route=%2Fwp%2Fv2%2Fproduct_tag&post=26"}],"curies":[{"name":"wp","href":"https:\/\/api.w.org\/{rel}","templated":true}]}}