{"id":307,"date":"2019-12-04T18:48:05","date_gmt":"2019-12-04T17:48:05","guid":{"rendered":"https:\/\/lina-anni.de\/?page_id=307"},"modified":"2019-12-09T23:12:35","modified_gmt":"2019-12-09T22:12:35","slug":"startseite","status":"publish","type":"page","link":"https:\/\/www.lina-anni.de\/","title":{"rendered":"Willkommen"},"content":{"rendered":"\n<figure class=\"wp-block-image size-large\"><a href=\"https:\/\/lina-anni.de\/?page_id=12\"><img loading=\"lazy\" decoding=\"async\" width=\"1024\" height=\"683\" src=\"https:\/\/lina-anni.de\/wp-content\/uploads\/2019\/12\/christmas-1869902_1920-1-1024x683.jpg\" alt=\"\" class=\"wp-image-296\" srcset=\"https:\/\/lina-anni.de\/wp-content\/uploads\/2019\/12\/christmas-1869902_1920-1-1024x683.jpg 1024w, https:\/\/lina-anni.de\/wp-content\/uploads\/2019\/12\/christmas-1869902_1920-1-300x200.jpg 300w, https:\/\/lina-anni.de\/wp-content\/uploads\/2019\/12\/christmas-1869902_1920-1-768x512.jpg 768w, https:\/\/lina-anni.de\/wp-content\/uploads\/2019\/12\/christmas-1869902_1920-1-1536x1024.jpg 1536w, https:\/\/lina-anni.de\/wp-content\/uploads\/2019\/12\/christmas-1869902_1920-1-600x400.jpg 600w, https:\/\/lina-anni.de\/wp-content\/uploads\/2019\/12\/christmas-1869902_1920-1.jpg 1920w\" sizes=\"auto, (max-width: 1024px) 100vw, 1024px\" \/><\/a><figcaption><br><a href=\"https:\/\/lina-anni.de\/?page_id=12\"><strong>&#8211; Ab zum Shop &#8211; <\/strong><\/a> <\/figcaption><\/figure>\n\n\n\n<p><\/p>\n\n\n\n<p><\/p>\n\n\n\n<p>Mitten in Th\u00fcringen \u2013 TANNEN-Wulf in S\u00f6mmerda auf der Wei\u00dfenburg.<\/p>\n\n\n\n<p>Wenn bei Wulf`s hunderte von Weihnachtsb\u00e4umen pro Tag sortiert, kommissioniert und auf den Transport vorbereitet werden, dann ist Hochsaison bei Tannen-Wulf. Das ganze Jahr \u00fcber hat er gepflanzt, gepflegt, kontrolliert und sich gek\u00fcmmert. Neben dem Weihnachtsbaumhandel \u00a0produziert er in Th\u00fcringen seit 1991 auf \u00fcber 60 ha eigenen Anbaufl\u00e4chen Qualit\u00e4tspflanzen, und das schon in der dritten Generation. Er achtet dabei immer auf einen umweltschonenden und nachhaltigen Pflanzenanbau. Sein Sortiment reicht von Koniferen, getopften und ges\u00e4gten Weihnachtsb\u00e4umen, Schnittgr\u00fcn und Adventsgestecken bis hin zu einem umfangreichen Zubeh\u00f6rprogramm. Produktion und Logistik stimmt er dabei perfekt aufeinander ab damit seine eigenen Verkaufsstellen sowie Einzel- und Gro\u00dfkunden in ganz Europa p\u00fcnktlich beliefert werden. Auf seinem 20.000 qm gro\u00dfen Verladeareal werden t\u00e4glich getopfte und ges\u00e4gte Weihnachtsb\u00e4ume auf unterschiedliche Ladungstr\u00e4ger wie EC, CC und verschiedene Gro\u00dfpaletten auf ihren Versand vorbereitet und das Just-in-time. Als einer der gr\u00f6\u00dften Weihnachtsbaumproduzenten in Th\u00fcringen wei\u00df er was es hei\u00dft Gro\u00dfes zu bewegen, so liefert er \u00a0auch die riesigen Weihnachtstannen f\u00fcr etliche Weihnachtsm\u00e4rkte und St\u00e4dte, bspw. Erfurt und Berlin, um nur einige zu nennen, und das Jahr f\u00fcr Jahr. <\/p>\n","protected":false},"excerpt":{"rendered":"<p>Mitten in Th\u00fcringen \u2013 TANNEN-Wulf in S\u00f6mmerda auf der Wei\u00dfenburg. Wenn bei Wulf`s hunderte von Weihnachtsb\u00e4umen pro Tag sortiert, kommissioniert und auf den Transport vorbereitet werden, dann ist Hochsaison bei Tannen-Wulf. Das ganze Jahr \u00fcber hat er gepflanzt, gepflegt, kontrolliert und sich gek\u00fcmmert. Neben dem Weihnachtsbaumhandel \u00a0produziert er in Th\u00fcringen seit 1991 auf \u00fcber 60 [&hellip;]<\/p>\n","protected":false},"author":2,"featured_media":0,"parent":0,"menu_order":0,"comment_status":"closed","ping_status":"closed","template":"tpl-page-fullwidth.php","meta":{"footnotes":""},"class_list":["post-307","page","type-page","status-publish","hentry"],"_links":{"self":[{"href":"https:\/\/www.lina-anni.de\/index.php?rest_route=\/wp\/v2\/pages\/307","targetHints":{"allow":["GET"]}}],"collection":[{"href":"https:\/\/www.lina-anni.de\/index.php?rest_route=\/wp\/v2\/pages"}],"about":[{"href":"https:\/\/www.lina-anni.de\/index.php?rest_route=\/wp\/v2\/types\/page"}],"author":[{"embeddable":true,"href":"https:\/\/www.lina-anni.de\/index.php?rest_route=\/wp\/v2\/users\/2"}],"replies":[{"embeddable":true,"href":"https:\/\/www.lina-anni.de\/index.php?rest_route=%2Fwp%2Fv2%2Fcomments&post=307"}],"version-history":[{"count":11,"href":"https:\/\/www.lina-anni.de\/index.php?rest_route=\/wp\/v2\/pages\/307\/revisions"}],"predecessor-version":[{"id":593,"href":"https:\/\/www.lina-anni.de\/index.php?rest_route=\/wp\/v2\/pages\/307\/revisions\/593"}],"wp:attachment":[{"href":"https:\/\/www.lina-anni.de\/index.php?rest_route=%2Fwp%2Fv2%2Fmedia&parent=307"}],"curies":[{"name":"wp","href":"https:\/\/api.w.org\/{rel}","templated":true}]}}