{"id":225,"date":"2019-12-04T14:53:39","date_gmt":"2019-12-04T14:53:39","guid":{"rendered":"https:\/\/lina-anni.de\/?page_id=225"},"modified":"2019-12-04T21:50:17","modified_gmt":"2019-12-04T20:50:17","slug":"widerrufsbelehrung","status":"publish","type":"page","link":"https:\/\/www.lina-anni.de\/?page_id=225","title":{"rendered":"Widerrufsbelehrung"},"content":{"rendered":"\n<p>Widerrufsbelehrung<\/p>\n\n\n\n<p>Verbraucher haben ein vierzehnt\u00e4giges Widerrufsrecht.<\/p>\n\n\n\n<p>Widerrufsrecht<br>\nSie haben das Recht, binnen vierzehn Tagen ohne Angabe von Gr\u00fcnden diesen<br>\nVertrag zu widerrufen. Die Widerrufsfrist betr\u00e4gt vierzehn Tage ab dem Tag an<br>\ndem Sie oder ein von Ihnen benannter Dritter, der nicht der Bef\u00f6rderer ist, die<br>\nletzte Ware in Besitz genommen haben bzw. hat. <\/p>\n\n\n\n<p>Um Ihr Widerrufsrecht auszu\u00fcben, m\u00fcssen Sie uns (Bastian Wulf, Auf der<br>\nWei\u00dfenburg, 99610 S\u00f6mmerda, Deutschland, mail@baumschule-wulf.de, Telefon: 03634<br>\n30371, Fax: 03634 30417) mittels einer eindeutigen Erkl\u00e4rung (z. B. ein mit der<br>\nPost versandter Brief, Telefax oder E-Mail) \u00fcber Ihren Entschluss, diesen<br>\nVertrag zu widerrufen, informieren. Sie k\u00f6nnen daf\u00fcr das beigef\u00fcgte<br>\nMuster-Widerrufsformular verwenden, das jedoch nicht vorgeschrieben ist. <\/p>\n\n\n\n<p>Zur Wahrung der Widerrufsfrist reicht es aus, dass Sie die Mitteilung \u00fcber die<br>\nAus\u00fcbung des Widerrufsrechts vor Ablauf der Widerrufsfrist absenden. <\/p>\n\n\n\n<p>Folgen des Widerrufs <\/p>\n\n\n\n<p>Wenn Sie diesen Vertrag widerrufen, haben wir Ihnen alle Zahlungen, die wir von<br>\nIhnen erhalten haben, einschlie\u00dflich der Lieferkosten (mit Ausnahme der<br>\nzus\u00e4tzlichen Kosten, die sich daraus ergeben, dass Sie eine andere Art der<br>\nLieferung als die von uns angebotene, g\u00fcnstigste Standardlieferung gew\u00e4hlt<br>\nhaben), unverz\u00fcglich und sp\u00e4testens binnen vierzehn Tagen ab dem Tag<br>\nzur\u00fcckzuzahlen, an dem die Mitteilung \u00fcber Ihren Widerruf dieses Vertrags bei<br>\nuns eingegangen ist. F\u00fcr diese R\u00fcckzahlung verwenden wir dasselbe<br>\nZahlungsmittel, das Sie bei der urspr\u00fcnglichen Transaktion eingesetzt haben, es<br>\nsei denn, mit Ihnen wurde ausdr\u00fccklich etwas anderes vereinbart; in keinem Fall<br>\nwerden Ihnen wegen dieser R\u00fcckzahlung Entgelte berechnet. Wir k\u00f6nnen die<br>\nR\u00fcckzahlung verweigern, bis wir die Waren wieder zur\u00fcckerhalten haben oder bis<br>\nSie den Nachweis erbracht haben, dass Sie die Waren zur\u00fcckgesandt haben, je<br>\nnachdem, welches der fr\u00fchere Zeitpunkt ist. <\/p>\n\n\n\n<p>Sie haben die Waren unverz\u00fcglich und in jedem Fall sp\u00e4testens binnen vierzehn<br>\nTagen ab dem Tag, an dem Sie uns \u00fcber den Widerruf dieses Vertrags unterrichten,<br>\nan uns zur\u00fcckzusenden oder zu \u00fcbergeben. Die Frist ist gewahrt, wenn Sie die<br>\nWaren vor Ablauf der Frist von vierzehn Tagen absenden. Sie tragen die<br>\nunmittelbaren Kosten der R\u00fccksendung der Waren in H\u00f6he von 12,99 \u20ac EUR. Sie<br>\nm\u00fcssen f\u00fcr einen etwaigen Wertverlust der Waren nur aufkommen, wenn dieser<br>\nWertverlust auf einen zur Pr\u00fcfung der Beschaffenheit, Eigenschaften und<br>\nFunktionsweise der Waren nicht notwendigen Umgang mit ihnen zur\u00fcckzuf\u00fchren ist. <\/p>\n\n\n\n<p>Muster-Widerrufsformular<\/p>\n\n\n\n<p>(Wenn Sie den Vertrag widerrufen wollen, dann f\u00fcllen Sie bitte dieses Formular<br>\naus und senden Sie es zur\u00fcck.)<\/p>\n\n\n\n<p>\u2013 An Bastian Wulf, Auf der Wei\u00dfenburg, 99610 S\u00f6mmerda, Deutschland,<br>\nmail@baumschule-wulf.de, Fax: 03634 30417<\/p>\n\n\n\n<p>\u2013 Hiermit widerrufe(n) ich\/wir (<em>) den von mir\/uns (<\/em>) abgeschlossenen Vertrag<br>\n\u00fcber den Kauf der folgenden<br>\nWaren (<em>)\/die Erbringung der folgenden Dienstleistung (<\/em>)<\/p>\n\n\n\n<p>\u2013 Bestellt am (<em>)\/erhalten am (<\/em>)<\/p>\n\n\n\n<p>\u2013 Name des\/der Verbraucher(s)<\/p>\n\n\n\n<p>\u2013 Anschrift des\/der Verbraucher(s)<\/p>\n\n\n\n<p>\u2013 Unterschrift des\/der Verbraucher(s) (nur bei Mitteilung auf Papier)<\/p>\n\n\n\n<p>\u2013 Datum<\/p>\n\n\n\n<p>(*) Unzutreffendes streichen.<\/p>\n\n\n\n<p>Widerrufsbelehrung [https:\/\/shop.trustedshops.com\/de\/rechtstexte\/] erstellt mit<br>\ndem Trusted Shops [https:\/\/shop.trustedshops.com\/de\/] Rechtstexter in<br>\nKooperation mit Wilde Beuger Solmecke Rechtsanw\u00e4lte [https:\/\/www.wbs-law.de\/].<\/p>\n","protected":false},"excerpt":{"rendered":"<p>Widerrufsbelehrung Verbraucher haben ein vierzehnt\u00e4giges Widerrufsrecht. Widerrufsrecht Sie haben das Recht, binnen vierzehn Tagen ohne Angabe von Gr\u00fcnden diesen Vertrag zu widerrufen. Die Widerrufsfrist betr\u00e4gt vierzehn Tage ab dem Tag an dem Sie oder ein von Ihnen benannter Dritter, der nicht der Bef\u00f6rderer ist, die letzte Ware in Besitz genommen haben bzw. hat. Um Ihr [&hellip;]<\/p>\n","protected":false},"author":2,"featured_media":0,"parent":0,"menu_order":0,"comment_status":"closed","ping_status":"closed","template":"tpl-page-fullwidth.php","meta":{"footnotes":""},"class_list":["post-225","page","type-page","status-publish","hentry"],"_links":{"self":[{"href":"https:\/\/www.lina-anni.de\/index.php?rest_route=\/wp\/v2\/pages\/225","targetHints":{"allow":["GET"]}}],"collection":[{"href":"https:\/\/www.lina-anni.de\/index.php?rest_route=\/wp\/v2\/pages"}],"about":[{"href":"https:\/\/www.lina-anni.de\/index.php?rest_route=\/wp\/v2\/types\/page"}],"author":[{"embeddable":true,"href":"https:\/\/www.lina-anni.de\/index.php?rest_route=\/wp\/v2\/users\/2"}],"replies":[{"embeddable":true,"href":"https:\/\/www.lina-anni.de\/index.php?rest_route=%2Fwp%2Fv2%2Fcomments&post=225"}],"version-history":[{"count":1,"href":"https:\/\/www.lina-anni.de\/index.php?rest_route=\/wp\/v2\/pages\/225\/revisions"}],"predecessor-version":[{"id":226,"href":"https:\/\/www.lina-anni.de\/index.php?rest_route=\/wp\/v2\/pages\/225\/revisions\/226"}],"wp:attachment":[{"href":"https:\/\/www.lina-anni.de\/index.php?rest_route=%2Fwp%2Fv2%2Fmedia&parent=225"}],"curies":[{"name":"wp","href":"https:\/\/api.w.org\/{rel}","templated":true}]}}